{"id":907,"date":"2024-10-03T08:58:35","date_gmt":"2024-10-03T06:58:35","guid":{"rendered":"https:\/\/procarskielce.pl\/?page_id=907"},"modified":"2026-03-29T16:26:08","modified_gmt":"2026-03-29T14:26:08","slug":"o-nas","status":"publish","type":"page","link":"https:\/\/procarskielce.pl\/index.php\/o-nas\/","title":{"rendered":"O NAS"},"content":{"rendered":"\t\t<div data-elementor-type=\"wp-page\" data-elementor-id=\"907\" class=\"elementor elementor-907\" data-elementor-post-type=\"page\">\n\t\t\t\t\t\t<section class=\"elementor-section elementor-top-section elementor-element elementor-element-fd634fd elementor-section-boxed elementor-section-height-default elementor-section-height-default\" data-id=\"fd634fd\" data-element_type=\"section\" data-e-type=\"section\">\n\t\t\t\t\t\t<div class=\"elementor-container elementor-column-gap-default\">\n\t\t\t\t\t<div class=\"elementor-column elementor-col-100 elementor-top-column elementor-element elementor-element-6ff91be\" data-id=\"6ff91be\" data-element_type=\"column\" data-e-type=\"column\">\n\t\t\t<div class=\"elementor-widget-wrap elementor-element-populated\">\n\t\t\t\t\t\t<section class=\"elementor-section elementor-inner-section elementor-element elementor-element-0f0e387 elementor-section-boxed elementor-section-height-default elementor-section-height-default\" data-id=\"0f0e387\" data-element_type=\"section\" data-e-type=\"section\">\n\t\t\t\t\t\t<div class=\"elementor-container elementor-column-gap-default\">\n\t\t\t\t\t<div class=\"elementor-column elementor-col-50 elementor-inner-column elementor-element elementor-element-2b55f5d elementor-hidden-mobile\" data-id=\"2b55f5d\" data-element_type=\"column\" data-e-type=\"column\">\n\t\t\t<div class=\"elementor-widget-wrap elementor-element-populated\">\n\t\t\t\t\t\t<div class=\"elementor-element elementor-element-5173be9 elementor-widget elementor-widget-image\" data-id=\"5173be9\" data-element_type=\"widget\" data-e-type=\"widget\" data-widget_type=\"image.default\">\n\t\t\t\t<div class=\"elementor-widget-container\">\n\t\t\t\t\t\t\t\t\t\t\t\t\t\t\t<img fetchpriority=\"high\" decoding=\"async\" width=\"800\" height=\"160\" src=\"https:\/\/procarskielce.pl\/wp-content\/uploads\/2026\/03\/PROCARS-LOGO-1024x205.png\" class=\"attachment-large size-large wp-image-1131\" alt=\"\" srcset=\"https:\/\/procarskielce.pl\/wp-content\/uploads\/2026\/03\/PROCARS-LOGO-1024x205.png 1024w, https:\/\/procarskielce.pl\/wp-content\/uploads\/2026\/03\/PROCARS-LOGO-300x60.png 300w, https:\/\/procarskielce.pl\/wp-content\/uploads\/2026\/03\/PROCARS-LOGO-768x154.png 768w, https:\/\/procarskielce.pl\/wp-content\/uploads\/2026\/03\/PROCARS-LOGO-1536x307.png 1536w, https:\/\/procarskielce.pl\/wp-content\/uploads\/2026\/03\/PROCARS-LOGO-2048x410.png 2048w\" sizes=\"(max-width: 800px) 100vw, 800px\" \/>\t\t\t\t\t\t\t\t\t\t\t\t\t\t\t<\/div>\n\t\t\t\t<\/div>\n\t\t\t\t\t<\/div>\n\t\t<\/div>\n\t\t\t\t<div class=\"elementor-column elementor-col-50 elementor-inner-column elementor-element elementor-element-f6c6961\" data-id=\"f6c6961\" data-element_type=\"column\" data-e-type=\"column\">\n\t\t\t<div class=\"elementor-widget-wrap elementor-element-populated\">\n\t\t\t\t\t\t<div class=\"elementor-element elementor-element-18f2dc4 elementor-widget elementor-widget-text-editor\" data-id=\"18f2dc4\" data-element_type=\"widget\" data-e-type=\"widget\" data-widget_type=\"text-editor.default\">\n\t\t\t\t<div class=\"elementor-widget-container\">\n\t\t\t\t\t\t\t\t\t<p>Warsztat samochodowy PROCAR to firma z Kielc, dzia\u0142aj\u0105ca na rynku motoryzacyjnym od kilkunastu lat. Specjalizujemy si\u0119 w kompleksowej obs\u0142udze pojazd\u00f3w, oferuj\u0105c szeroki zakres us\u0142ug naprawczych oraz sprzeda\u017c cz\u0119\u015bci zamiennych. Dzi\u0119ki wieloletniemu do\u015bwiadczeniu oraz nowoczesnemu zapleczu technicznemu, jeste\u015bmy w stanie sprosta\u0107 ka\u017cdemu wyzwaniu.<\/p>\t\t\t\t\t\t\t\t<\/div>\n\t\t\t\t<\/div>\n\t\t\t\t\t<\/div>\n\t\t<\/div>\n\t\t\t\t\t<\/div>\n\t\t<\/section>\n\t\t\t\t<section class=\"elementor-section elementor-inner-section elementor-element elementor-element-6ec823a elementor-section-boxed elementor-section-height-default elementor-section-height-default\" data-id=\"6ec823a\" data-element_type=\"section\" data-e-type=\"section\">\n\t\t\t\t\t\t<div class=\"elementor-container elementor-column-gap-default\">\n\t\t\t\t\t<div class=\"elementor-column elementor-col-100 elementor-inner-column elementor-element elementor-element-08a778f\" data-id=\"08a778f\" data-element_type=\"column\" data-e-type=\"column\">\n\t\t\t<div class=\"elementor-widget-wrap elementor-element-populated\">\n\t\t\t\t\t\t<div class=\"elementor-element elementor-element-fbea8a9 elementor-widget elementor-widget-text-editor\" data-id=\"fbea8a9\" data-element_type=\"widget\" data-e-type=\"widget\" data-widget_type=\"text-editor.default\">\n\t\t\t\t<div class=\"elementor-widget-container\">\n\t\t\t\t\t\t\t\t\t<p>Nasza oferta obejmuje m.in. naprawy mechaniczne, regeneracj\u0119 turbospr\u0119\u017carek oraz profesjonalne czyszczenie filtr\u00f3w DPF i FAP. Wsp\u00f3\u0142pracujemy z zaufanymi dostawcami cz\u0119\u015bci zamiennych, co gwarantuje wysok\u0105 jako\u015b\u0107 i niezawodno\u015b\u0107.<\/p>\t\t\t\t\t\t\t\t<\/div>\n\t\t\t\t<\/div>\n\t\t\t\t\t<\/div>\n\t\t<\/div>\n\t\t\t\t\t<\/div>\n\t\t<\/section>\n\t\t\t\t<section class=\"elementor-section elementor-inner-section elementor-element elementor-element-204be7f elementor-section-boxed elementor-section-height-default elementor-section-height-default\" data-id=\"204be7f\" data-element_type=\"section\" data-e-type=\"section\">\n\t\t\t\t\t\t<div class=\"elementor-container elementor-column-gap-default\">\n\t\t\t\t\t<div class=\"elementor-column elementor-col-100 elementor-inner-column elementor-element elementor-element-4914269\" data-id=\"4914269\" data-element_type=\"column\" data-e-type=\"column\">\n\t\t\t<div class=\"elementor-widget-wrap elementor-element-populated\">\n\t\t\t\t\t\t<div class=\"elementor-element elementor-element-0f5b06c elementor-widget elementor-widget-text-editor\" data-id=\"0f5b06c\" data-element_type=\"widget\" data-e-type=\"widget\" data-widget_type=\"text-editor.default\">\n\t\t\t\t<div class=\"elementor-widget-container\">\n\t\t\t\t\t\t\t\t\t<p>Naszym priorytetem jest pe\u0142na satysfakcja klient\u00f3w oraz rzetelna i terminowa realizacja us\u0142ug. Zesp\u00f3\u0142 PROCAR tworz\u0105 do\u015bwiadczeni mechanicy, kt\u00f3rzy dzi\u0119ki swojej wiedzy i zaanga\u017cowaniu dbaj\u0105 o bezpiecze\u0144stwo i komfort jazdy naszych klient\u00f3w.<\/p>\t\t\t\t\t\t\t\t<\/div>\n\t\t\t\t<\/div>\n\t\t\t\t\t<\/div>\n\t\t<\/div>\n\t\t\t\t\t<\/div>\n\t\t<\/section>\n\t\t\t\t<section class=\"elementor-section elementor-inner-section elementor-element elementor-element-0e92193 elementor-section-boxed elementor-section-height-default elementor-section-height-default\" data-id=\"0e92193\" data-element_type=\"section\" data-e-type=\"section\">\n\t\t\t\t\t\t<div class=\"elementor-container elementor-column-gap-default\">\n\t\t\t\t\t<div class=\"elementor-column elementor-col-100 elementor-inner-column elementor-element elementor-element-16f36f0\" data-id=\"16f36f0\" data-element_type=\"column\" data-e-type=\"column\">\n\t\t\t<div class=\"elementor-widget-wrap elementor-element-populated\">\n\t\t\t\t\t\t<div class=\"elementor-element elementor-element-a508bf7 elementor-widget elementor-widget-text-editor\" data-id=\"a508bf7\" data-element_type=\"widget\" data-e-type=\"widget\" data-widget_type=\"text-editor.default\">\n\t\t\t\t<div class=\"elementor-widget-container\">\n\t\t\t\t\t\t\t\t\t<p>Zapraszamy do naszego warsztatu w Kielcach!<\/p>\t\t\t\t\t\t\t\t<\/div>\n\t\t\t\t<\/div>\n\t\t\t\t\t<\/div>\n\t\t<\/div>\n\t\t\t\t\t<\/div>\n\t\t<\/section>\n\t\t\t\t\t<\/div>\n\t\t<\/div>\n\t\t\t\t\t<\/div>\n\t\t<\/section>\n\t\t\t\t<\/div>\n\t\t","protected":false},"excerpt":{"rendered":"<p>Warsztat samochodowy PROCAR to firma z Kielc, dzia\u0142aj\u0105ca na rynku motoryzacyjnym od kilkunastu lat. Specjalizujemy si\u0119 w kompleksowej obs\u0142udze pojazd\u00f3w, oferuj\u0105c szeroki zakres us\u0142ug naprawczych oraz sprzeda\u017c cz\u0119\u015bci zamiennych. Dzi\u0119ki wieloletniemu do\u015bwiadczeniu oraz nowoczesnemu zapleczu technicznemu, jeste\u015bmy w stanie sprosta\u0107 ka\u017cdemu wyzwaniu. Nasza oferta obejmuje m.in. naprawy mechaniczne, regeneracj\u0119 turbospr\u0119\u017carek oraz profesjonalne czyszczenie filtr\u00f3w DPF [&hellip;]<\/p>\n","protected":false},"author":2,"featured_media":0,"parent":0,"menu_order":0,"comment_status":"closed","ping_status":"closed","template":"elementor_header_footer","meta":{"footnotes":""},"class_list":["post-907","page","type-page","status-publish","hentry"],"_links":{"self":[{"href":"https:\/\/procarskielce.pl\/index.php\/wp-json\/wp\/v2\/pages\/907","targetHints":{"allow":["GET"]}}],"collection":[{"href":"https:\/\/procarskielce.pl\/index.php\/wp-json\/wp\/v2\/pages"}],"about":[{"href":"https:\/\/procarskielce.pl\/index.php\/wp-json\/wp\/v2\/types\/page"}],"author":[{"embeddable":true,"href":"https:\/\/procarskielce.pl\/index.php\/wp-json\/wp\/v2\/users\/2"}],"replies":[{"embeddable":true,"href":"https:\/\/procarskielce.pl\/index.php\/wp-json\/wp\/v2\/comments?post=907"}],"version-history":[{"count":19,"href":"https:\/\/procarskielce.pl\/index.php\/wp-json\/wp\/v2\/pages\/907\/revisions"}],"predecessor-version":[{"id":1134,"href":"https:\/\/procarskielce.pl\/index.php\/wp-json\/wp\/v2\/pages\/907\/revisions\/1134"}],"wp:attachment":[{"href":"https:\/\/procarskielce.pl\/index.php\/wp-json\/wp\/v2\/media?parent=907"}],"curies":[{"name":"wp","href":"https:\/\/api.w.org\/{rel}","templated":true}]}}